{"id":8,"date":"2025-07-14T08:46:20","date_gmt":"2025-07-14T08:46:20","guid":{"rendered":"https:\/\/dtm.hcmunre.edu.vn\/?page_id=8"},"modified":"2025-07-23T07:08:05","modified_gmt":"2025-07-23T07:08:05","slug":"trang-chu","status":"publish","type":"page","link":"https:\/\/dtm.hcmunre.edu.vn\/","title":{"rendered":"Trang ch\u1ee7"},"content":{"rendered":"\t\t<div data-elementor-type=\"wp-page\" data-elementor-id=\"8\" class=\"elementor elementor-8\">\n\t\t\t\t<div class=\"elementor-element elementor-element-b944dcb e-flex e-con-boxed e-con e-parent\" data-id=\"b944dcb\" data-element_type=\"container\">\n\t\t\t\t\t<div class=\"e-con-inner\">\n\t\t\t\t<div class=\"elementor-element elementor-element-2cc0c7b elementor-widget elementor-widget-shortcode\" data-id=\"2cc0c7b\" data-element_type=\"widget\" data-widget_type=\"shortcode.default\">\n\t\t\t\t\t\t\t<div class=\"elementor-shortcode\"> <\/div>\n\t\t\t\t\t\t<\/div>\n\t\t\t\t\t<\/div>\n\t\t\t\t<\/div>\n\t\t<div class=\"elementor-element elementor-element-5defe35 e-flex e-con-boxed e-con e-parent\" data-id=\"5defe35\" data-element_type=\"container\">\n\t\t\t\t\t<div class=\"e-con-inner\">\n\t\t\t\t<div class=\"elementor-element elementor-element-6abbb1c elementor-widget__width-inherit elementor-widget elementor-widget-heading\" data-id=\"6abbb1c\" data-element_type=\"widget\" data-widget_type=\"heading.default\">\n\t\t\t\t\t<h2 class=\"elementor-heading-title elementor-size-default\">TIN T\u1ee8C - S\u1ef0 KI\u1ec6N<\/h2>\t\t\t\t<\/div>\n\t\t\t\t\t<\/div>\n\t\t\t\t<\/div>\n\t\t<div class=\"elementor-element elementor-element-82455d9 e-flex e-con-boxed e-con e-parent\" data-id=\"82455d9\" data-element_type=\"container\">\n\t\t\t\t\t<div class=\"e-con-inner\">\n\t\t<div class=\"elementor-element elementor-element-f649eae e-con-full e-flex e-con e-child\" data-id=\"f649eae\" data-element_type=\"container\">\n\t\t\t\t<div class=\"elementor-element elementor-element-8252050 elementor-grid-eael-col-1 elementor-grid-tablet-eael-col-2 elementor-grid-mobile-eael-col-1 elementor-widget elementor-widget-eael-post-grid\" data-id=\"8252050\" data-element_type=\"widget\" data-settings=\"{&quot;eael_post_grid_columns&quot;:&quot;eael-col-1&quot;,&quot;eael_post_grid_columns_tablet&quot;:&quot;eael-col-2&quot;,&quot;eael_post_grid_columns_mobile&quot;:&quot;eael-col-1&quot;}\" data-widget_type=\"eael-post-grid.default\">\n\t\t\t\t\t<div id=\"eael-post-grid-8252050\" class=\"eael-post-grid-container\">\n            <div class=\"eael-post-grid eael-post-appender eael-post-appender-8252050 eael-post-grid-style-one\" data-layout-mode=\"grid\"><article class=\"eael-grid-post eael-post-grid-column\" data-id=\"582\">\n        <div class=\"eael-grid-post-holder\">\n            <div class=\"eael-grid-post-holder-inner\"><div class=\"eael-entry-media\"><div class=\"eael-entry-overlay fade-in\"><i class=\"fas fa-long-arrow-alt-right\" aria-hidden=\"true\"><\/i><a href=\"https:\/\/dtm.hcmunre.edu.vn\/?p=582\"><\/a><\/div><div class=\"eael-entry-thumbnail \">\n                <img fetchpriority=\"high\" decoding=\"async\" width=\"300\" height=\"188\" src=\"https:\/\/dtm.hcmunre.edu.vn\/wp-content\/uploads\/2025\/07\/Hoi-Thao-1-1-300x188.jpg\" class=\"attachment-medium size-medium wp-image-603\" alt=\"\" srcset=\"https:\/\/dtm.hcmunre.edu.vn\/wp-content\/uploads\/2025\/07\/Hoi-Thao-1-1-300x188.jpg 300w, https:\/\/dtm.hcmunre.edu.vn\/wp-content\/uploads\/2025\/07\/Hoi-Thao-1-1.jpg 400w\" sizes=\"(max-width: 300px) 100vw, 300px\" \/>\n            <\/div>\n        <\/div><div class=\"eael-entry-wrapper\"><header class=\"eael-entry-header\"><h2 class=\"eael-entry-title\"><a class=\"eael-grid-post-link\" href=\"https:\/\/dtm.hcmunre.edu.vn\/?p=582\" title=\"H\u1ed9i th\u1ea3o \u201c\u1ee8ng d\u1ee5ng c\u00f4ng ngh\u1ec7 nh\u1eadp vai v\u00e0 tr\u00ed tu\u1ec7 nh\u00e2n t\u1ea1o trong t\u0103ng c\u01b0\u1eddng kh\u1ea3 n\u0103ng ch\u1ed1ng ch\u1ecbu kh\u1ee7ng ho\u1ea3ng\u201d\">H\u1ed9i th\u1ea3o \u201c\u1ee8ng d\u1ee5ng c\u00f4ng ngh\u1ec7 nh\u1eadp vai v\u00e0 tr\u00ed tu\u1ec7 nh\u00e2n t\u1ea1o trong t\u0103ng c\u01b0\u1eddng kh\u1ea3 n\u0103ng ch\u1ed1ng ch\u1ecbu kh\u1ee7ng ho\u1ea3ng\u201d<\/a><\/h2><\/header><div class=\"eael-entry-content\">\n                        <div class=\"eael-grid-post-excerpt\"><a href=\"https:\/\/dtm.hcmunre.edu.vn\/?p=582\" class=\"eael-post-elements-readmore-btn\">Read More<\/a><\/div>\n                    <\/div><\/div><\/div>\n        <\/div>\n    <\/article><\/div>\n            <div class=\"clearfix\"><\/div>\n        <\/div>            <div class=\"eael-load-more-button-wrap eael-force-hide\">\n                <button class=\"eael-load-more-button\" id=\"eael-load-more-btn-8252050\" data-widget-id=\"8252050\" data-widget=\"8252050\" data-page-id=\"8\" data-template=\"{&quot;dir&quot;:&quot;lite&quot;,&quot;file_name&quot;:&quot;one.php&quot;,&quot;name&quot;:&quot;Post-Grid&quot;}\" data-class=\"Essential_Addons_Elementor\\Elements\\Post_Grid\" data-layout=\"grid\" data-page=\"1\" data-args=\"orderby=date&amp;order=desc&amp;ignore_sticky_posts=1&amp;post_status=publish&amp;posts_per_page=1&amp;offset=0&amp;post_type=post\" data-max-page=\"8\">\n                    <span class=\"eael-btn-loader button__loader\"><\/span>\n                    <span class=\"eael_load_more_text\">Load More<\/span>\n                <\/button>\n            <\/div>\n            \t\t\t\t<\/div>\n\t\t\t\t<\/div>\n\t\t<div class=\"elementor-element elementor-element-bf7c0c2 e-con-full e-flex e-con e-child\" data-id=\"bf7c0c2\" data-element_type=\"container\">\n\t\t\t\t<div class=\"elementor-element elementor-element-b0142f8 elementor-grid-eael-col-1 elementor-grid-tablet-eael-col-2 elementor-grid-mobile-eael-col-1 elementor-widget elementor-widget-eael-post-grid\" data-id=\"b0142f8\" data-element_type=\"widget\" data-settings=\"{&quot;eael_post_grid_columns&quot;:&quot;eael-col-1&quot;,&quot;eael_post_grid_columns_tablet&quot;:&quot;eael-col-2&quot;,&quot;eael_post_grid_columns_mobile&quot;:&quot;eael-col-1&quot;}\" data-widget_type=\"eael-post-grid.default\">\n\t\t\t\t\t<div id=\"eael-post-grid-b0142f8\" class=\"eael-post-grid-container\">\n            <div class=\"eael-post-grid eael-post-appender eael-post-appender-b0142f8 eael-post-grid-style-one\" data-layout-mode=\"masonry\"><article class=\"eael-grid-post eael-post-grid-column\" data-id=\"579\">\n        <div class=\"eael-grid-post-holder\">\n            <div class=\"eael-grid-post-holder-inner\"><div class=\"eael-entry-media\"><div class=\"eael-entry-overlay fade-in\"><i class=\"fas fa-long-arrow-alt-right\" aria-hidden=\"true\"><\/i><a href=\"https:\/\/dtm.hcmunre.edu.vn\/?p=579\"><\/a><\/div><div class=\"eael-entry-thumbnail \">\n                <img decoding=\"async\" width=\"300\" height=\"188\" src=\"https:\/\/dtm.hcmunre.edu.vn\/wp-content\/uploads\/2025\/07\/Cong-Tac-Coi-Thi-300x188.jpg\" class=\"attachment-medium size-medium wp-image-580\" alt=\"\" srcset=\"https:\/\/dtm.hcmunre.edu.vn\/wp-content\/uploads\/2025\/07\/Cong-Tac-Coi-Thi-300x188.jpg 300w, https:\/\/dtm.hcmunre.edu.vn\/wp-content\/uploads\/2025\/07\/Cong-Tac-Coi-Thi.jpg 400w\" sizes=\"(max-width: 300px) 100vw, 300px\" \/>\n            <\/div>\n        <\/div><div class=\"eael-entry-wrapper\"><header class=\"eael-entry-header\"><h2 class=\"eael-entry-title\"><a class=\"eael-grid-post-link\" href=\"https:\/\/dtm.hcmunre.edu.vn\/?p=579\" title=\"HCMUNRE T\u1eacP HU\u1ea4N C\u00d4NG T\u00c1C KI\u1ec2M TRA COI THI K\u1ef2 THI T\u1ed0T NGHI\u1ec6P THPT N\u0102M 2025\">HCMUNRE T\u1eacP HU\u1ea4N C\u00d4NG T\u00c1C KI\u1ec2M TRA COI THI K\u1ef2 THI T\u1ed0T NGHI\u1ec6P THPT N\u0102M 2025<\/a><\/h2><\/header><\/div><\/div>\n        <\/div>\n    <\/article><article class=\"eael-grid-post eael-post-grid-column\" data-id=\"576\">\n        <div class=\"eael-grid-post-holder\">\n            <div class=\"eael-grid-post-holder-inner\"><div class=\"eael-entry-media\"><div class=\"eael-entry-overlay fade-in\"><i class=\"fas fa-long-arrow-alt-right\" aria-hidden=\"true\"><\/i><a href=\"https:\/\/dtm.hcmunre.edu.vn\/?p=576\"><\/a><\/div><div class=\"eael-entry-thumbnail \">\n                <img decoding=\"async\" width=\"300\" height=\"188\" src=\"https:\/\/dtm.hcmunre.edu.vn\/wp-content\/uploads\/2025\/07\/Dai-Hoi-Dang-Bo-300x188.jpg\" class=\"attachment-medium size-medium wp-image-577\" alt=\"\" srcset=\"https:\/\/dtm.hcmunre.edu.vn\/wp-content\/uploads\/2025\/07\/Dai-Hoi-Dang-Bo-300x188.jpg 300w, https:\/\/dtm.hcmunre.edu.vn\/wp-content\/uploads\/2025\/07\/Dai-Hoi-Dang-Bo.jpg 400w\" sizes=\"(max-width: 300px) 100vw, 300px\" \/>\n            <\/div>\n        <\/div><div class=\"eael-entry-wrapper\"><header class=\"eael-entry-header\"><h2 class=\"eael-entry-title\"><a class=\"eael-grid-post-link\" href=\"https:\/\/dtm.hcmunre.edu.vn\/?p=576\" title=\"\u0110\u1ea0I H\u1ed8I \u0110\u1ea2NG B\u1ed8 TR\u01af\u1edcNG \u0110\u1ea0I H\u1eccC T\u00c0I NGUY\u00caN V\u00c0 M\u00d4I TR\u01af\u1edcNG TP.HCM L\u1ea6N TH\u1ee8 V, NHI\u1ec6M K\u1ef2 2025 \u2013 2030\">\u0110\u1ea0I H\u1ed8I \u0110\u1ea2NG B\u1ed8 TR\u01af\u1edcNG \u0110\u1ea0I H\u1eccC T\u00c0I NGUY\u00caN V\u00c0 M\u00d4I TR\u01af\u1edcNG TP.HCM L\u1ea6N TH\u1ee8 V, NHI\u1ec6M K\u1ef2 2025 \u2013 2030<\/a><\/h2><\/header><\/div><\/div>\n        <\/div>\n    <\/article><\/div>\n            <div class=\"clearfix\"><\/div>\n        <\/div>            <div class=\"eael-load-more-button-wrap eael-force-hide\">\n                <button class=\"eael-load-more-button\" id=\"eael-load-more-btn-b0142f8\" data-widget-id=\"b0142f8\" data-widget=\"b0142f8\" data-page-id=\"8\" data-template=\"{&quot;dir&quot;:&quot;lite&quot;,&quot;file_name&quot;:&quot;one.php&quot;,&quot;name&quot;:&quot;Post-Grid&quot;}\" data-class=\"Essential_Addons_Elementor\\Elements\\Post_Grid\" data-layout=\"masonry\" data-page=\"1\" data-args=\"orderby=date&amp;order=desc&amp;ignore_sticky_posts=1&amp;post_status=publish&amp;posts_per_page=2&amp;offset=1&amp;post_type=post\" data-max-page=\"4\">\n                    <span class=\"eael-btn-loader button__loader\"><\/span>\n                    <span class=\"eael_load_more_text\">Load More<\/span>\n                <\/button>\n            <\/div>\n            \t\t\t\t<\/div>\n\t\t\t\t<\/div>\n\t\t<div class=\"elementor-element elementor-element-5609202 e-con-full e-flex e-con e-child\" data-id=\"5609202\" data-element_type=\"container\">\n\t\t\t\t<div class=\"elementor-element elementor-element-e525634 elementor-grid-eael-col-1 elementor-grid-tablet-eael-col-2 elementor-grid-mobile-eael-col-1 elementor-widget elementor-widget-eael-post-grid\" data-id=\"e525634\" data-element_type=\"widget\" data-settings=\"{&quot;eael_post_grid_columns&quot;:&quot;eael-col-1&quot;,&quot;eael_post_grid_columns_tablet&quot;:&quot;eael-col-2&quot;,&quot;eael_post_grid_columns_mobile&quot;:&quot;eael-col-1&quot;}\" data-widget_type=\"eael-post-grid.default\">\n\t\t\t\t\t<div id=\"eael-post-grid-e525634\" class=\"eael-post-grid-container\">\n            <div class=\"eael-post-grid eael-post-appender eael-post-appender-e525634 eael-post-grid-style-one\" data-layout-mode=\"masonry\"><article class=\"eael-grid-post eael-post-grid-column\" data-id=\"433\">\n        <div class=\"eael-grid-post-holder\">\n            <div class=\"eael-grid-post-holder-inner\"><div class=\"eael-entry-media\"><div class=\"eael-entry-overlay fade-in\"><i class=\"fas fa-long-arrow-alt-right\" aria-hidden=\"true\"><\/i><a href=\"https:\/\/dtm.hcmunre.edu.vn\/?p=433\"><\/a><\/div><div class=\"eael-entry-thumbnail \">\n                <img loading=\"lazy\" decoding=\"async\" width=\"300\" height=\"188\" src=\"https:\/\/dtm.hcmunre.edu.vn\/wp-content\/uploads\/2025\/07\/Hinh5-300x188.jpg\" class=\"attachment-medium size-medium wp-image-434\" alt=\"\" srcset=\"https:\/\/dtm.hcmunre.edu.vn\/wp-content\/uploads\/2025\/07\/Hinh5-300x188.jpg 300w, https:\/\/dtm.hcmunre.edu.vn\/wp-content\/uploads\/2025\/07\/Hinh5.jpg 400w\" sizes=\"(max-width: 300px) 100vw, 300px\" \/>\n            <\/div>\n        <\/div><div class=\"eael-entry-wrapper\"><header class=\"eael-entry-header\"><h2 class=\"eael-entry-title\"><a class=\"eael-grid-post-link\" href=\"https:\/\/dtm.hcmunre.edu.vn\/?p=433\" title=\"Bu\u1ed5i \u0111\u00f3n ti\u1ebfp v\u00e0 l\u00e0m vi\u1ec7c gi\u1eefa Tr\u01b0\u1eddng \u0110\u1ea1i h\u1ecdc T\u00e0i nguy\u00ean v\u00e0 M\u00f4i tr\u01b0\u1eddng Tp.HCM v\u00e0 C\u01a1 quan X\u00fac ti\u1ebfn C\u00f4ng nghi\u1ec7p Yeongwol, H\u00e0n Qu\u1ed1c.\">Bu\u1ed5i \u0111\u00f3n ti\u1ebfp v\u00e0 l\u00e0m vi\u1ec7c gi\u1eefa Tr\u01b0\u1eddng \u0110\u1ea1i h\u1ecdc T\u00e0i nguy\u00ean v\u00e0 M\u00f4i tr\u01b0\u1eddng Tp.HCM v\u00e0 C\u01a1 quan X\u00fac ti\u1ebfn C\u00f4ng nghi\u1ec7p Yeongwol, H\u00e0n Qu\u1ed1c.<\/a><\/h2><\/header><\/div><\/div>\n        <\/div>\n    <\/article><article class=\"eael-grid-post eael-post-grid-column\" data-id=\"430\">\n        <div class=\"eael-grid-post-holder\">\n            <div class=\"eael-grid-post-holder-inner\"><div class=\"eael-entry-media\"><div class=\"eael-entry-overlay fade-in\"><i class=\"fas fa-long-arrow-alt-right\" aria-hidden=\"true\"><\/i><a href=\"https:\/\/dtm.hcmunre.edu.vn\/?p=430\"><\/a><\/div><div class=\"eael-entry-thumbnail \">\n                <img loading=\"lazy\" decoding=\"async\" width=\"300\" height=\"188\" src=\"https:\/\/dtm.hcmunre.edu.vn\/wp-content\/uploads\/2025\/07\/Hinh4-300x188.jpg\" class=\"attachment-medium size-medium wp-image-431\" alt=\"\" srcset=\"https:\/\/dtm.hcmunre.edu.vn\/wp-content\/uploads\/2025\/07\/Hinh4-300x188.jpg 300w, https:\/\/dtm.hcmunre.edu.vn\/wp-content\/uploads\/2025\/07\/Hinh4.jpg 400w\" sizes=\"(max-width: 300px) 100vw, 300px\" \/>\n            <\/div>\n        <\/div><div class=\"eael-entry-wrapper\"><header class=\"eael-entry-header\"><h2 class=\"eael-entry-title\"><a class=\"eael-grid-post-link\" href=\"https:\/\/dtm.hcmunre.edu.vn\/?p=430\" title=\"M\u1edf r\u1ed9ng c\u00e1nh c\u1eeda \u0111\u1ea1i h\u1ecdc xanh: Chi\u1ebfn l\u01b0\u1ee3c tuy\u1ec3n sinh 2025 v\u00e0 t\u1ea7m nh\u00ecn ph\u00e1t tri\u1ec3n c\u1ee7a Tr\u01b0\u1eddng \u0110\u1ea1i h\u1ecdc T\u00e0i nguy\u00ean v\u00e0 M\u00f4i tr\u01b0\u1eddng TP. H\u1ed3 Ch\u00ed Minh\">M\u1edf r\u1ed9ng c\u00e1nh c\u1eeda \u0111\u1ea1i h\u1ecdc xanh: Chi\u1ebfn l\u01b0\u1ee3c tuy\u1ec3n sinh 2025 v\u00e0 t\u1ea7m nh\u00ecn ph\u00e1t tri\u1ec3n c\u1ee7a Tr\u01b0\u1eddng \u0110\u1ea1i h\u1ecdc T\u00e0i nguy\u00ean v\u00e0 M\u00f4i tr\u01b0\u1eddng TP. H\u1ed3 Ch\u00ed Minh<\/a><\/h2><\/header><\/div><\/div>\n        <\/div>\n    <\/article><\/div>\n            <div class=\"clearfix\"><\/div>\n        <\/div>            <div class=\"eael-load-more-button-wrap eael-force-hide\">\n                <button class=\"eael-load-more-button\" id=\"eael-load-more-btn-e525634\" data-widget-id=\"e525634\" data-widget=\"e525634\" data-page-id=\"8\" data-template=\"{&quot;dir&quot;:&quot;lite&quot;,&quot;file_name&quot;:&quot;one.php&quot;,&quot;name&quot;:&quot;Post-Grid&quot;}\" data-class=\"Essential_Addons_Elementor\\Elements\\Post_Grid\" data-layout=\"masonry\" data-page=\"1\" data-args=\"orderby=date&amp;order=desc&amp;ignore_sticky_posts=1&amp;post_status=publish&amp;posts_per_page=2&amp;offset=3&amp;post_type=post\" data-max-page=\"4\">\n                    <span class=\"eael-btn-loader button__loader\"><\/span>\n                    <span class=\"eael_load_more_text\">Load More<\/span>\n                <\/button>\n            <\/div>\n            \t\t\t\t<\/div>\n\t\t\t\t<\/div>\n\t\t\t\t\t<\/div>\n\t\t\t\t<\/div>\n\t\t<div class=\"elementor-element elementor-element-0a2bd67 e-flex e-con-boxed e-con e-parent\" data-id=\"0a2bd67\" data-element_type=\"container\">\n\t\t\t\t\t<div class=\"e-con-inner\">\n\t\t\t\t<div class=\"elementor-element elementor-element-cfd6b4e elementor-align-justify elementor-absolute elementor-widget elementor-widget-button\" data-id=\"cfd6b4e\" data-element_type=\"widget\" data-settings=\"{&quot;_position&quot;:&quot;absolute&quot;}\" data-widget_type=\"button.default\">\n\t\t\t\t\t\t\t\t\t\t<a class=\"elementor-button elementor-button-link elementor-size-sm\" href=\"https:\/\/dtm.hcmunre.edu.vn\/?page_id=586\">\n\t\t\t\t\t\t<span class=\"elementor-button-content-wrapper\">\n\t\t\t\t\t\t\t\t\t<span class=\"elementor-button-text\">Xem t\u1ea5t c\u1ea3<\/span>\n\t\t\t\t\t<\/span>\n\t\t\t\t\t<\/a>\n\t\t\t\t\t\t\t\t<\/div>\n\t\t\t\t\t<\/div>\n\t\t\t\t<\/div>\n\t\t\t\t<\/div>\n\t\t","protected":false},"excerpt":{"rendered":"<p>TIN T\u1ee8C &#8211; S\u1ef0 KI\u1ec6N H\u1ed9i th\u1ea3o \u201c\u1ee8ng d\u1ee5ng c\u00f4ng ngh\u1ec7 nh\u1eadp vai v\u00e0 tr\u00ed tu\u1ec7 nh\u00e2n t\u1ea1o trong t\u0103ng [&hellip;]<\/p>\n","protected":false},"author":1,"featured_media":0,"parent":0,"menu_order":0,"comment_status":"closed","ping_status":"closed","template":"","meta":{"_acf_changed":false,"site-sidebar-layout":"no-sidebar","site-content-layout":"","ast-site-content-layout":"full-width-container","site-content-style":"default","site-sidebar-style":"default","ast-global-header-display":"","ast-banner-title-visibility":"","ast-main-header-display":"","ast-hfb-above-header-display":"","ast-hfb-below-header-display":"","ast-hfb-mobile-header-display":"","site-post-title":"disabled","ast-breadcrumbs-content":"","ast-featured-img":"disabled","footer-sml-layout":"","theme-transparent-header-meta":"","adv-header-id-meta":"","stick-header-meta":"","header-above-stick-meta":"","header-main-stick-meta":"","header-below-stick-meta":"","astra-migrate-meta-layouts":"default","ast-page-background-enabled":"default","ast-page-background-meta":{"desktop":{"background-color":"var(--ast-global-color-5)","background-image":"","background-repeat":"repeat","background-position":"center center","background-size":"auto","background-attachment":"scroll","background-type":"","background-media":"","overlay-type":"","overlay-color":"","overlay-opacity":"","overlay-gradient":""},"tablet":{"background-color":"","background-image":"","background-repeat":"repeat","background-position":"center center","background-size":"auto","background-attachment":"scroll","background-type":"","background-media":"","overlay-type":"","overlay-color":"","overlay-opacity":"","overlay-gradient":""},"mobile":{"background-color":"","background-image":"","background-repeat":"repeat","background-position":"center center","background-size":"auto","background-attachment":"scroll","background-type":"","background-media":"","overlay-type":"","overlay-color":"","overlay-opacity":"","overlay-gradient":""}},"ast-content-background-meta":{"desktop":{"background-color":"var(--ast-global-color-4)","background-image":"","background-repeat":"repeat","background-position":"center center","background-size":"auto","background-attachment":"scroll","background-type":"","background-media":"","overlay-type":"","overlay-color":"","overlay-opacity":"","overlay-gradient":""},"tablet":{"background-color":"var(--ast-global-color-4)","background-image":"","background-repeat":"repeat","background-position":"center center","background-size":"auto","background-attachment":"scroll","background-type":"","background-media":"","overlay-type":"","overlay-color":"","overlay-opacity":"","overlay-gradient":""},"mobile":{"background-color":"var(--ast-global-color-4)","background-image":"","background-repeat":"repeat","background-position":"center center","background-size":"auto","background-attachment":"scroll","background-type":"","background-media":"","overlay-type":"","overlay-color":"","overlay-opacity":"","overlay-gradient":""}},"footnotes":""},"class_list":["post-8","page","type-page","status-publish","hentry"],"acf":[],"_links":{"self":[{"href":"https:\/\/dtm.hcmunre.edu.vn\/index.php?rest_route=\/wp\/v2\/pages\/8","targetHints":{"allow":["GET"]}}],"collection":[{"href":"https:\/\/dtm.hcmunre.edu.vn\/index.php?rest_route=\/wp\/v2\/pages"}],"about":[{"href":"https:\/\/dtm.hcmunre.edu.vn\/index.php?rest_route=\/wp\/v2\/types\/page"}],"author":[{"embeddable":true,"href":"https:\/\/dtm.hcmunre.edu.vn\/index.php?rest_route=\/wp\/v2\/users\/1"}],"replies":[{"embeddable":true,"href":"https:\/\/dtm.hcmunre.edu.vn\/index.php?rest_route=%2Fwp%2Fv2%2Fcomments&post=8"}],"version-history":[{"count":68,"href":"https:\/\/dtm.hcmunre.edu.vn\/index.php?rest_route=\/wp\/v2\/pages\/8\/revisions"}],"predecessor-version":[{"id":659,"href":"https:\/\/dtm.hcmunre.edu.vn\/index.php?rest_route=\/wp\/v2\/pages\/8\/revisions\/659"}],"wp:attachment":[{"href":"https:\/\/dtm.hcmunre.edu.vn\/index.php?rest_route=%2Fwp%2Fv2%2Fmedia&parent=8"}],"curies":[{"name":"wp","href":"https:\/\/api.w.org\/{rel}","templated":true}]}}